{"id":11,"date":"2022-02-16T09:59:11","date_gmt":"2022-02-16T09:59:11","guid":{"rendered":"https:\/\/www.milannerud.cz\/?page_id=11"},"modified":"2026-04-22T16:31:45","modified_gmt":"2026-04-22T14:31:45","slug":"portfolio","status":"publish","type":"page","link":"https:\/\/www.milannerud.cz\/?page_id=11","title":{"rendered":"Slu\u017eby"},"content":{"rendered":"\n<p><\/p>\n\n\n\n<h3 class=\"wp-block-heading\">Jak firm\u00e1m pom\u00e1h\u00e1m<\/h3>\n\n\n\n<p>Pom\u00e1h\u00e1m firm\u00e1m rozv\u00edjet lidi, posilovat spolupr\u00e1ci a zlep\u0161ovat fungov\u00e1n\u00ed t\u00fdm\u016f v ka\u017edodenn\u00ed praxi. Nab\u00edz\u00edm klasick\u00e9 vzd\u011bl\u00e1vac\u00ed programy i autorsk\u00e9 interaktivn\u00ed form\u00e1ty s vysok\u00fdm dopadem.<\/p>\n\n\n\n<h3 class=\"wp-block-heading\">Firemn\u00ed \u0161kolen\u00ed a workshopy<\/h3>\n\n\n\n<p>Praktick\u00e9 programy na m\u00edru zam\u011b\u0159en\u00e9 na leadership, komunikaci, time management, asertivitu, vyjedn\u00e1v\u00e1n\u00ed a rozvoj t\u00fdm\u016f.<\/p>\n\n\n\n<h3 class=\"wp-block-heading\">Aliance<\/h3>\n\n\n\n<p>Interaktivn\u00ed program pro rozvoj spolupr\u00e1ce a vztah\u016f v t\u00fdmu.<\/p>\n\n\n\n<p>Autorsk\u00fd rozvojov\u00fd program zam\u011b\u0159en\u00fd na d\u016fv\u011bru, vliv, hled\u00e1n\u00ed spojenc\u016f a t\u00fdmovou dynamiku. \u00da\u010dastn\u00edci si za\u017eij\u00ed rozhodov\u00e1n\u00ed pod tlakem, vyjedn\u00e1v\u00e1n\u00ed i budov\u00e1n\u00ed vztah\u016f v bezpe\u010dn\u00e9m prost\u0159ed\u00ed.<\/p>\n\n\n\n<p>Vhodn\u00e9 pro management t\u00fdmy, talenty, projektov\u00e9 t\u00fdmy i spolupr\u00e1ci mezi odd\u011blen\u00edmi.<\/p>\n\n\n\n<h3 class=\"wp-block-heading\">Mistr vyjedn\u00e1v\u00e1n\u00ed<\/h3>\n\n\n\n<p>Praktick\u00fd tr\u00e9nink vyjedn\u00e1v\u00e1n\u00ed a argumentace.<\/p>\n\n\n\n<p>Autorsk\u00fd program zam\u011b\u0159en\u00fd na vyjedn\u00e1vac\u00ed taktiky, pr\u00e1ci s n\u00e1mitkami, obranu proti manipulaci a cestu k dohod\u011b. Intenzivn\u00ed a z\u00e1\u017eitkov\u00e1 forma rozvoje s okam\u017eit\u00fdm p\u0159enosem do praxe.<\/p>\n\n\n\n<p>Vhodn\u00e9 pro obchodn\u00edky, mana\u017eery i intern\u00ed vyjedn\u00e1v\u00e1n\u00ed ve firm\u011b.<\/p>\n\n\n\n<h3 class=\"wp-block-heading\">Dlouhodob\u00fd rozvoj firem<\/h3>\n\n\n\n<p>Navazuj\u00edc\u00ed programy a s\u00e9rie workshop\u016f zam\u011b\u0159en\u00e9 na skute\u010dnou zm\u011bnu fungov\u00e1n\u00ed lid\u00ed, vedouc\u00edch pracovn\u00edk\u016f i t\u00fdm\u016f.<\/p>\n\n\n\n<div class=\"wp-block-buttons is-layout-flex wp-block-buttons-is-layout-flex\">\n<div class=\"wp-block-button\"><a class=\"wp-block-button__link wp-element-button\" href=\"https:\/\/www.milannerud.cz\/?page_id=155\">Objedn\u00e1vka nez\u00e1vazn\u00e9 konzultace<\/a><\/div>\n<\/div>\n","protected":false},"excerpt":{"rendered":"<p>Jak firm\u00e1m pom\u00e1h\u00e1m Pom\u00e1h\u00e1m firm\u00e1m rozv\u00edjet lidi, posilovat spolupr\u00e1ci a zlep\u0161ovat fungov\u00e1n\u00ed t\u00fdm\u016f v ka\u017edodenn\u00ed praxi. Nab\u00edz\u00edm klasick\u00e9 vzd\u011bl\u00e1vac\u00ed programy i autorsk\u00e9 interaktivn\u00ed form\u00e1ty s vysok\u00fdm dopadem. Firemn\u00ed \u0161kolen\u00ed a workshopy Praktick\u00e9 programy na m\u00edru &hellip; <\/p>\n","protected":false},"author":1,"featured_media":0,"parent":0,"menu_order":0,"comment_status":"closed","ping_status":"closed","template":"templates\/portfolio.php","meta":{"footnotes":""},"class_list":["post-11","page","type-page","status-publish","hentry"],"_links":{"self":[{"href":"https:\/\/www.milannerud.cz\/index.php?rest_route=\/wp\/v2\/pages\/11","targetHints":{"allow":["GET"]}}],"collection":[{"href":"https:\/\/www.milannerud.cz\/index.php?rest_route=\/wp\/v2\/pages"}],"about":[{"href":"https:\/\/www.milannerud.cz\/index.php?rest_route=\/wp\/v2\/types\/page"}],"author":[{"embeddable":true,"href":"https:\/\/www.milannerud.cz\/index.php?rest_route=\/wp\/v2\/users\/1"}],"replies":[{"embeddable":true,"href":"https:\/\/www.milannerud.cz\/index.php?rest_route=%2Fwp%2Fv2%2Fcomments&post=11"}],"version-history":[{"count":31,"href":"https:\/\/www.milannerud.cz\/index.php?rest_route=\/wp\/v2\/pages\/11\/revisions"}],"predecessor-version":[{"id":480,"href":"https:\/\/www.milannerud.cz\/index.php?rest_route=\/wp\/v2\/pages\/11\/revisions\/480"}],"wp:attachment":[{"href":"https:\/\/www.milannerud.cz\/index.php?rest_route=%2Fwp%2Fv2%2Fmedia&parent=11"}],"curies":[{"name":"wp","href":"https:\/\/api.w.org\/{rel}","templated":true}]}}