{"id":155,"date":"2022-02-17T13:43:29","date_gmt":"2022-02-17T13:43:29","guid":{"rendered":"https:\/\/www.milannerud.cz\/?page_id=155"},"modified":"2026-04-22T11:10:31","modified_gmt":"2026-04-22T09:10:31","slug":"konzultace-zdarma","status":"publish","type":"page","link":"https:\/\/www.milannerud.cz\/?page_id=155","title":{"rendered":"Nez\u00e1vazn\u00e1 \u00favodn\u00ed konzultace"},"content":{"rendered":"\n<p><strong>M\u00e1te z\u00e1jem o \u0161kolen\u00ed, workshop nebo rozvojov\u00fd program pro v\u00e1\u0161 t\u00fdm?<\/strong><\/p>\n\n\n\n<p>B\u011bhem kr\u00e1tk\u00e9 online nebo telefonick\u00e9 konzultace spole\u010dn\u011b projdeme va\u0161i situaci, c\u00edle a mo\u017enosti \u0159e\u0161en\u00ed. Z\u00edsk\u00e1te prvn\u00ed doporu\u010den\u00ed a jasn\u011bj\u0161\u00ed p\u0159edstavu, jak m\u016f\u017ee spolupr\u00e1ce vypadat.<\/p>\n\n\n\n<p>Bez z\u00e1vazk\u016f. Prakticky. V\u011bcn\u011b.<\/p>\n\n\n\n<p>Domluvte si term\u00edn.<\/p>\n\n\n\n<p><em>Vypln\u011bn\u00edm objedn\u00e1vky poskytujete souhlas se zpracov\u00e1n\u00edm v\u00fd\u0161e uveden\u00fdch \u00fadaj\u016f po dobu nezbytnou. \u00dadaje budou pou\u017eity pouze pro kontaktov\u00e1n\u00ed a nejsou poskytov\u00e1ny \u017e\u00e1dn\u00fdm t\u0159et\u00edm stran\u00e1m. <\/em><\/p>\n\n\n<div class=\"wpforms-container wpforms-container-full wpforms-block wpforms-block-25c14abb-1185-4b21-8495-41dcec5e6065\" id=\"wpforms-169\"><form id=\"wpforms-form-169\" class=\"wpforms-validate wpforms-form wpforms-ajax-form\" data-formid=\"169\" method=\"post\" enctype=\"multipart\/form-data\" action=\"\/index.php?rest_route=%2Fwp%2Fv2%2Fpages%2F155\" data-token=\"b1848067adf058a20dd17fa7369d60ef\" data-token-time=\"1777511044\"><noscript class=\"wpforms-error-noscript\">Chcete-li vyplnit tento formul\u00e1\u0159, pros\u00edm povolte v prohl\u00ed\u017ee\u010di JavaScript.<\/noscript><div class=\"wpforms-field-container\"><div id=\"wpforms-169-field_0-container\" class=\"wpforms-field wpforms-field-name\" data-field-id=\"0\"><label class=\"wpforms-field-label\">Jm\u00e9no <span class=\"wpforms-required-label\">*<\/span><\/label><div class=\"wpforms-field-row wpforms-field-medium\"><div class=\"wpforms-field-row-block wpforms-first wpforms-one-half\"><input type=\"text\" id=\"wpforms-169-field_0\" class=\"wpforms-field-name-first wpforms-field-required\" name=\"wpforms[fields][0][first]\" required><label for=\"wpforms-169-field_0\" class=\"wpforms-field-sublabel after\">K\u0159estn\u00ed jm\u00e9no<\/label><\/div><div class=\"wpforms-field-row-block wpforms-one-half\"><input type=\"text\" id=\"wpforms-169-field_0-last\" class=\"wpforms-field-name-last wpforms-field-required\" name=\"wpforms[fields][0][last]\" required><label for=\"wpforms-169-field_0-last\" class=\"wpforms-field-sublabel after\">P\u0159\u00edjmen\u00ed<\/label><\/div><\/div><\/div><div id=\"wpforms-169-field_1-container\" class=\"wpforms-field wpforms-field-email\" data-field-id=\"1\"><label class=\"wpforms-field-label\" for=\"wpforms-169-field_1\">Email <span class=\"wpforms-required-label\">*<\/span><\/label><input type=\"email\" id=\"wpforms-169-field_1\" class=\"wpforms-field-medium wpforms-field-required\" name=\"wpforms[fields][1]\" spellcheck=\"false\" required><\/div><div id=\"wpforms-169-field_2-container\" class=\"wpforms-field wpforms-field-textarea\" data-field-id=\"2\"><label class=\"wpforms-field-label\" for=\"wpforms-169-field_2\">Pozn\u00e1mka <span class=\"wpforms-required-label\">*<\/span><\/label><textarea id=\"wpforms-169-field_2\" class=\"wpforms-field-medium wpforms-field-required\" name=\"wpforms[fields][2]\" required><\/textarea><\/div><div id=\"wpforms-169-field_3-container\" class=\"wpforms-field wpforms-field-number\" data-field-id=\"3\"><label class=\"wpforms-field-label\" for=\"wpforms-169-field_3\">Po\u010det<\/label><input type=\"number\" id=\"wpforms-169-field_3\" class=\"wpforms-field-medium\" name=\"wpforms[fields][3]\" step=\"any\" ><\/div><\/div><!-- .wpforms-field-container --><div class=\"wpforms-submit-container\" ><input type=\"hidden\" name=\"wpforms[id]\" value=\"169\"><input type=\"hidden\" name=\"page_title\" value=\"\"><input type=\"hidden\" name=\"page_url\" value=\"https:\/\/www.milannerud.cz\/index.php?rest_route=\/wp\/v2\/pages\/155\"><input type=\"hidden\" name=\"url_referer\" value=\"\"><button type=\"submit\" name=\"wpforms[submit]\" id=\"wpforms-submit-169\" class=\"wpforms-submit\" data-alt-text=\"Odes\u00edl\u00e1n\u00ed...\" data-submit-text=\"Odeslat\" aria-live=\"assertive\" value=\"wpforms-submit\">Odeslat<\/button><img loading=\"lazy\" decoding=\"async\" src=\"https:\/\/www.milannerud.cz\/wp-content\/plugins\/wpforms-lite\/assets\/images\/submit-spin.svg\" class=\"wpforms-submit-spinner\" style=\"display: none;\" width=\"26\" height=\"26\" alt=\"Na\u010d\u00edt\u00e1n\u00ed\"><\/div><\/form><\/div>  <!-- .wpforms-container -->","protected":false},"excerpt":{"rendered":"<p>M\u00e1te z\u00e1jem o \u0161kolen\u00ed, workshop nebo rozvojov\u00fd program pro v\u00e1\u0161 t\u00fdm? B\u011bhem kr\u00e1tk\u00e9 online nebo telefonick\u00e9 konzultace spole\u010dn\u011b projdeme va\u0161i situaci, c\u00edle a mo\u017enosti \u0159e\u0161en\u00ed. Z\u00edsk\u00e1te prvn\u00ed doporu\u010den\u00ed a jasn\u011bj\u0161\u00ed p\u0159edstavu, jak m\u016f\u017ee spolupr\u00e1ce vypadat. &hellip; <\/p>\n","protected":false},"author":1,"featured_media":0,"parent":9,"menu_order":0,"comment_status":"closed","ping_status":"closed","template":"","meta":{"footnotes":""},"class_list":["post-155","page","type-page","status-publish","hentry"],"_links":{"self":[{"href":"https:\/\/www.milannerud.cz\/index.php?rest_route=\/wp\/v2\/pages\/155","targetHints":{"allow":["GET"]}}],"collection":[{"href":"https:\/\/www.milannerud.cz\/index.php?rest_route=\/wp\/v2\/pages"}],"about":[{"href":"https:\/\/www.milannerud.cz\/index.php?rest_route=\/wp\/v2\/types\/page"}],"author":[{"embeddable":true,"href":"https:\/\/www.milannerud.cz\/index.php?rest_route=\/wp\/v2\/users\/1"}],"replies":[{"embeddable":true,"href":"https:\/\/www.milannerud.cz\/index.php?rest_route=%2Fwp%2Fv2%2Fcomments&post=155"}],"version-history":[{"count":26,"href":"https:\/\/www.milannerud.cz\/index.php?rest_route=\/wp\/v2\/pages\/155\/revisions"}],"predecessor-version":[{"id":437,"href":"https:\/\/www.milannerud.cz\/index.php?rest_route=\/wp\/v2\/pages\/155\/revisions\/437"}],"up":[{"embeddable":true,"href":"https:\/\/www.milannerud.cz\/index.php?rest_route=\/wp\/v2\/pages\/9"}],"wp:attachment":[{"href":"https:\/\/www.milannerud.cz\/index.php?rest_route=%2Fwp%2Fv2%2Fmedia&parent=155"}],"curies":[{"name":"wp","href":"https:\/\/api.w.org\/{rel}","templated":true}]}}