{"id":162,"date":"2022-02-17T14:07:21","date_gmt":"2022-02-17T14:07:21","guid":{"rendered":"https:\/\/www.milannerud.cz\/?page_id=162"},"modified":"2026-04-22T12:01:23","modified_gmt":"2026-04-22T10:01:23","slug":"reference","status":"publish","type":"page","link":"https:\/\/www.milannerud.cz\/?page_id=162","title":{"rendered":"Reference"},"content":{"rendered":"\n<div class=\"wp-block-columns alignwide is-layout-flex wp-container-core-columns-is-layout-9d6595d7 wp-block-columns-is-layout-flex\">\n<div class=\"wp-block-column has-text-color has-background has-link-color wp-elements-b2e0ba808467206887f699908023ceaf is-layout-flow wp-block-column-is-layout-flow\" style=\"color:#000000;background-color:#223279;padding-top:2em;padding-right:2em;padding-bottom:2em;padding-left:2em;flex-basis:4000px\">\n<h4 class=\"wp-block-heading has-text-align-center has-white-color has-text-color\" id=\"vernostni-program\">Kurzy a \u0161kolen\u00ed <\/h4>\n\n\n\n<h4 class=\"wp-block-heading has-text-align-center has-white-color has-text-color\" id=\"vernostni-program\"><\/h4>\n\n\n\n<p><\/p>\n\n\n\n<p class=\"has-text-align-center has-white-color has-text-color has-normal-font-size\" style=\"line-height:1.5\"><strong>Okolo sta firem, tis\u00edce \u00fa\u010dastn\u00edk\u016f  <\/strong><\/p>\n\n\n\n<hr class=\"wp-block-separator has-text-color has-white-color has-css-opacity has-white-background-color has-background is-style-wide\"\/>\n\n\n\n<p class=\"has-white-color has-text-color\">Komunika\u010dn\u00ed dovednosti <\/p>\n\n\n\n<p class=\"has-white-color has-text-color\">Vyjedn\u00e1v\u00e1n\u00ed a argumentace <\/p>\n\n\n\n<p class=\"has-white-color has-text-color\">Leadrship v praxi <\/p>\n\n\n\n<p class=\"has-white-color has-text-color\">Stres a time management <\/p>\n\n\n\n<p class=\"has-white-color has-text-color\">Mana\u017eersk\u00e9 dovednosti <\/p>\n\n\n\n<p><\/p>\n\n\n\n<p class=\"has-white-color has-text-color\"><\/p>\n\n\n\n<div class=\"wp-block-buttons alignfull is-horizontal is-content-justification-center is-layout-flex wp-container-core-buttons-is-layout-499968f5 wp-block-buttons-is-layout-flex\"><\/div>\n<\/div>\n\n\n\n<div class=\"wp-block-column is-vertically-aligned-top has-white-color has-text-color has-background has-link-color wp-elements-890b200c6cd23d23e5e9f7482b631507 is-layout-flow wp-block-column-is-layout-flow\" style=\"background-color:#9a0631;padding-top:2em;padding-right:2em;padding-bottom:2em;padding-left:2em;flex-basis:4000px\">\n<h4 class=\"wp-block-heading has-text-align-center has-white-color has-text-color\" id=\"vernostni-program-1\">V\u011brnostn\u00ed program <\/h4>\n\n\n\n<p><\/p>\n\n\n\n<figure class=\"wp-block-image size-full\"><img loading=\"lazy\" decoding=\"async\" width=\"278\" height=\"50\" src=\"https:\/\/www.milannerud.cz\/wp-content\/uploads\/2022\/02\/Logo-YESPASS_CZ.png\" alt=\"\" class=\"wp-image-299\"\/><\/figure>\n\n\n\n<p><\/p>\n\n\n\n<p class=\"has-normal-font-size\" style=\"line-height:1.5\"><strong>180 provozoven, 80 000 registrovan\u00fdch z\u00e1kazn\u00edk\u016f<\/strong><\/p>\n\n\n\n<hr class=\"wp-block-separator has-text-color has-white-color has-css-opacity has-white-background-color has-background is-style-wide\"\/>\n\n\n\n<p>spolutvorba projektu <\/p>\n\n\n\n<p>tvorba materi\u00e1l\u016f<\/p>\n\n\n\n<p>\u0161kolen\u00ed na prodejn\u00e1ch <\/p>\n\n\n\n<p>tvorba kampan\u00ed <\/p>\n\n\n\n<p>anyl\u00fdza pr\u016fb\u011b\u017en\u00fdch v\u00fdsledk\u016f. <\/p>\n\n\n\n<p>Projedn\u00e1v\u00e1n\u00ed v\u00fdsledk\u016f s veden\u00edm. <\/p>\n\n\n\n<p>KONTAKTN\u00cd OSOBA:<\/p>\n\n\n\n<p>Ivo Pe\u0161\u00e1k<\/p>\n\n\n\n<p>tel.: 724 412 888<\/p>\n\n\n\n<p><\/p>\n\n\n\n<p><\/p>\n\n\n\n<div class=\"wp-block-buttons alignfull is-horizontal is-content-justification-center is-layout-flex wp-container-core-buttons-is-layout-499968f5 wp-block-buttons-is-layout-flex\"><\/div>\n<\/div>\n\n\n\n<div class=\"wp-block-column has-white-color has-text-color has-background has-link-color wp-elements-7abb5b707b5610e01b01f10d75931c59 is-layout-flow wp-block-column-is-layout-flow\" style=\"background-color:#223279;padding-top:2em;padding-right:2em;padding-bottom:2em;padding-left:2em;flex-basis:4000px\">\n<h4 class=\"wp-block-heading has-text-align-center has-white-color has-text-color\" id=\"ostatni-projekty\">Hra Aliance a Mistr vyjedn\u00e1v\u00e1n\u00ed<\/h4>\n\n\n\n<p><\/p>\n\n\n\n<p class=\"has-white-color has-text-color has-normal-font-size\"><strong>P<\/strong>raktick\u00e9 simul\u00e1tory <\/p>\n\n\n\n<hr class=\"wp-block-separator has-text-color has-white-color has-css-opacity has-white-background-color has-background is-style-wide\"\/>\n\n\n\n<h4 class=\"wp-block-heading has-white-color has-text-color has-link-color wp-elements-167d89d9b6a4e879f5a9fa0db016280f\">Aliance<\/h4>\n\n\n\n<p>Interaktivn\u00ed rozvojov\u00fd program zam\u011b\u0159en\u00fd na spolupr\u00e1ci, vliv, d\u016fv\u011bru a budov\u00e1n\u00ed vztah\u016f v t\u00fdmu. \u00da\u010dastn\u00edci si v bezpe\u010dn\u00e9m prost\u0159ed\u00ed za\u017eij\u00ed rozhodov\u00e1n\u00ed pod tlakem, vyjedn\u00e1v\u00e1n\u00ed i hled\u00e1n\u00ed spojenc\u016f. Siln\u00fd z\u00e1\u017eitek s p\u0159esahem do firemn\u00ed praxe.<\/p>\n\n\n\n<h4 class=\"wp-block-heading has-white-color has-text-color has-link-color wp-elements-b904dfb9876f0f25780d00c401190d49\">Mistr vyjedn\u00e1v\u00e1n\u00ed<\/h4>\n\n\n\n<p>Praktick\u00fd tr\u00e9nink vyjedn\u00e1v\u00e1n\u00ed a argumentace formou hry. \u00da\u010dastn\u00edci si zkou\u0161\u00ed taktiky, pr\u00e1ci s n\u00e1mitkami, p\u0159esv\u011bd\u010divost i obranu proti manipulaci. Z\u00e1bavn\u00e1 a intenzivn\u00ed forma rozvoje vyu\u017eiteln\u00e1 v obchod\u011b i b\u011b\u017en\u00e9 firemn\u00ed komunikaci.<\/p>\n\n\n\n<p><\/p>\n\n\n\n<div class=\"wp-block-buttons alignfull is-horizontal is-content-justification-center is-layout-flex wp-container-core-buttons-is-layout-499968f5 wp-block-buttons-is-layout-flex\"><\/div>\n<\/div>\n<\/div>\n\n\n\n<p><strong>Ivo Pe\u0161\u00e1k<\/strong> (\u0159editel projektu YESPASS) <\/p>\n\n\n\n<p>Kdy\u017e jsme se s&nbsp;panem Milanem Nerudem setkali prvn\u011b na t\u00e9matem v\u011brnostn\u00ed syst\u00e9my, byli jsme velmi vla\u017en\u00ed a ne\u010dekali jsme velk\u00fd okam\u017eit\u00fd &nbsp;v\u00fdsledek. Od jeho zapojen\u00ed do programu n\u00e1m raketov\u011b za\u010dali r\u016fst kmenov\u00fd z\u00e1kazn\u00edci a syst\u00e9m za\u010dal p\u0159edb\u00edhat na\u0161e o\u010dek\u00e1v\u00e1n\u00ed. Po roce fungov\u00e1n\u00ed byl n\u00e1\u0161 kmen v\u011brn\u00fdch z\u00e1kazn\u00edk\u016f ji\u017e na 25% celkov\u00e9ho po\u010dtu v\u0161ech z\u00e1kazn\u00edk\u016f co\u017e n\u00e1m pomohlo p\u0159ekonat covidovou dobu roku 2020\/2021 a to jen d\u00edky jeho odhodl\u00e1n\u00ed a nasazen\u00ed do cel\u00e9ho projektu.<\/p>\n\n\n\n<p>Dnes v&nbsp;neju\u017e\u0161\u00edm managementu ji\u017e v\u00edme, \u017ee bez jeho intervence a znalost\u00ed bychom tohoto v\u00fdsledku takto rychle nedos\u00e1hli.<\/p>\n","protected":false},"excerpt":{"rendered":"<p>Kurzy a \u0161kolen\u00ed Okolo sta firem, tis\u00edce \u00fa\u010dastn\u00edk\u016f Komunika\u010dn\u00ed dovednosti Vyjedn\u00e1v\u00e1n\u00ed a argumentace Leadrship v praxi Stres a time management Mana\u017eersk\u00e9 dovednosti V\u011brnostn\u00ed program 180 provozoven, 80 000 registrovan\u00fdch z\u00e1kazn\u00edk\u016f spolutvorba projektu tvorba materi\u00e1l\u016f \u0161kolen\u00ed &hellip; <\/p>\n","protected":false},"author":1,"featured_media":0,"parent":0,"menu_order":0,"comment_status":"closed","ping_status":"closed","template":"","meta":{"footnotes":""},"class_list":["post-162","page","type-page","status-publish","hentry"],"_links":{"self":[{"href":"https:\/\/www.milannerud.cz\/index.php?rest_route=\/wp\/v2\/pages\/162","targetHints":{"allow":["GET"]}}],"collection":[{"href":"https:\/\/www.milannerud.cz\/index.php?rest_route=\/wp\/v2\/pages"}],"about":[{"href":"https:\/\/www.milannerud.cz\/index.php?rest_route=\/wp\/v2\/types\/page"}],"author":[{"embeddable":true,"href":"https:\/\/www.milannerud.cz\/index.php?rest_route=\/wp\/v2\/users\/1"}],"replies":[{"embeddable":true,"href":"https:\/\/www.milannerud.cz\/index.php?rest_route=%2Fwp%2Fv2%2Fcomments&post=162"}],"version-history":[{"count":49,"href":"https:\/\/www.milannerud.cz\/index.php?rest_route=\/wp\/v2\/pages\/162\/revisions"}],"predecessor-version":[{"id":451,"href":"https:\/\/www.milannerud.cz\/index.php?rest_route=\/wp\/v2\/pages\/162\/revisions\/451"}],"wp:attachment":[{"href":"https:\/\/www.milannerud.cz\/index.php?rest_route=%2Fwp%2Fv2%2Fmedia&parent=162"}],"curies":[{"name":"wp","href":"https:\/\/api.w.org\/{rel}","templated":true}]}}