{"id":472,"date":"2026-04-22T15:58:19","date_gmt":"2026-04-22T13:58:19","guid":{"rendered":"https:\/\/www.milannerud.cz\/?page_id=472"},"modified":"2026-04-22T16:14:34","modified_gmt":"2026-04-22T14:14:34","slug":"moje-kurzy","status":"publish","type":"page","link":"https:\/\/www.milannerud.cz\/?page_id=472","title":{"rendered":"MOJE KURZY"},"content":{"rendered":"\n<h4 class=\"wp-block-heading\">Leadership<\/h4>\n\n\n\n<p>Praktick\u00e9 veden\u00ed lid\u00ed v ka\u017edodenn\u00ed firemn\u00ed realit\u011b. Motivace, delegov\u00e1n\u00ed, zp\u011btn\u00e1 vazba, odpov\u011bdnost a budov\u00e1n\u00ed funk\u010dn\u00edho t\u00fdmu.<\/p>\n\n\n\n<h4 class=\"wp-block-heading\">Komunikace<\/h4>\n\n\n\n<p>Efektivn\u00ed komunikace nap\u0159\u00ed\u010d firmou. Jak se l\u00e9pe domluvit, zvl\u00e1dat n\u00e1ro\u010dn\u00e9 rozhovory, p\u0159edch\u00e1zet nedorozum\u011bn\u00edm a posilovat spolupr\u00e1ci.<\/p>\n\n\n\n<h4 class=\"wp-block-heading\">Vyjedn\u00e1v\u00e1n\u00ed<\/h4>\n\n\n\n<p>Praktick\u00e9 vyjedn\u00e1v\u00e1n\u00ed a argumentace pro obchodn\u00ed i intern\u00ed prost\u0159ed\u00ed. Jak dosahovat dohod, zvl\u00e1dat n\u00e1mitky a jednat s v\u011bt\u0161\u00ed jistotou.<\/p>\n\n\n\n<h4 class=\"wp-block-heading\">Time management<\/h4>\n\n\n\n<p>Jak zvl\u00e1dat priority, pracovn\u00ed tlak a chaos b\u011b\u017en\u00e9ho dne. Praktick\u00e9 n\u00e1stroje pro lep\u0161\u00ed organizaci pr\u00e1ce, soust\u0159ed\u011bn\u00ed a v\u00fdkon.<\/p>\n\n\n\n<h4 class=\"wp-block-heading\">Asertivita<\/h4>\n\n\n\n<p>Jak si st\u00e1t za sv\u00fdm s respektem k druh\u00fdm. Nastaven\u00ed hranic, zvl\u00e1d\u00e1n\u00ed tlaku a zdrav\u00e9 prosazen\u00ed vlastn\u00edho n\u00e1zoru.<\/p>\n\n\n\n<h4 class=\"wp-block-heading\">Workshopy na m\u00edru<\/h4>\n\n\n\n<p>Programy p\u0159ipraven\u00e9 podle konkr\u00e9tn\u00ed situace firmy. Re\u00e1ln\u00e9 pot\u0159eby, vlastn\u00ed p\u0159\u00edklady a okam\u017eit\u00e1 vyu\u017eitelnost v praxi.<\/p>\n","protected":false},"excerpt":{"rendered":"<p>Leadership Praktick\u00e9 veden\u00ed lid\u00ed v ka\u017edodenn\u00ed firemn\u00ed realit\u011b. Motivace, delegov\u00e1n\u00ed, zp\u011btn\u00e1 vazba, odpov\u011bdnost a budov\u00e1n\u00ed funk\u010dn\u00edho t\u00fdmu. Komunikace Efektivn\u00ed komunikace nap\u0159\u00ed\u010d firmou. Jak se l\u00e9pe domluvit, zvl\u00e1dat n\u00e1ro\u010dn\u00e9 rozhovory, p\u0159edch\u00e1zet nedorozum\u011bn\u00edm a posilovat spolupr\u00e1ci. Vyjedn\u00e1v\u00e1n\u00ed &hellip; <\/p>\n","protected":false},"author":1,"featured_media":0,"parent":9,"menu_order":0,"comment_status":"closed","ping_status":"closed","template":"","meta":{"footnotes":""},"class_list":["post-472","page","type-page","status-publish","hentry"],"_links":{"self":[{"href":"https:\/\/www.milannerud.cz\/index.php?rest_route=\/wp\/v2\/pages\/472","targetHints":{"allow":["GET"]}}],"collection":[{"href":"https:\/\/www.milannerud.cz\/index.php?rest_route=\/wp\/v2\/pages"}],"about":[{"href":"https:\/\/www.milannerud.cz\/index.php?rest_route=\/wp\/v2\/types\/page"}],"author":[{"embeddable":true,"href":"https:\/\/www.milannerud.cz\/index.php?rest_route=\/wp\/v2\/users\/1"}],"replies":[{"embeddable":true,"href":"https:\/\/www.milannerud.cz\/index.php?rest_route=%2Fwp%2Fv2%2Fcomments&post=472"}],"version-history":[{"count":1,"href":"https:\/\/www.milannerud.cz\/index.php?rest_route=\/wp\/v2\/pages\/472\/revisions"}],"predecessor-version":[{"id":473,"href":"https:\/\/www.milannerud.cz\/index.php?rest_route=\/wp\/v2\/pages\/472\/revisions\/473"}],"up":[{"embeddable":true,"href":"https:\/\/www.milannerud.cz\/index.php?rest_route=\/wp\/v2\/pages\/9"}],"wp:attachment":[{"href":"https:\/\/www.milannerud.cz\/index.php?rest_route=%2Fwp%2Fv2%2Fmedia&parent=472"}],"curies":[{"name":"wp","href":"https:\/\/api.w.org\/{rel}","templated":true}]}}