{"id":73,"date":"2022-02-16T13:27:33","date_gmt":"2022-02-16T13:27:33","guid":{"rendered":"https:\/\/www.milannerud.cz\/?page_id=73"},"modified":"2026-04-22T15:40:54","modified_gmt":"2026-04-22T13:40:54","slug":"o-mne","status":"publish","type":"page","link":"https:\/\/www.milannerud.cz\/?page_id=73","title":{"rendered":"O mn\u011b"},"content":{"rendered":"\n<p>Jsem firemn\u00ed tren\u00e9r a lektor zam\u011b\u0159en\u00fd na praktick\u00fd rozvoj lid\u00ed ve firm\u00e1ch. Pom\u00e1h\u00e1m mana\u017eer\u016fm, t\u00fdm\u016fm i specialist\u016fm zlep\u0161ovat komunikaci, leadership, vyjedn\u00e1v\u00e1n\u00ed, spolupr\u00e1ci a zvl\u00e1d\u00e1n\u00ed ka\u017edodenn\u00edho pracovn\u00edho tlaku.<\/p>\n\n\n\n<p>Dlouhodob\u011b spolupracuji s \u010desk\u00fdmi firmami z v\u00fdrobn\u00edho, technick\u00e9ho, obchodn\u00edho i administrativn\u00edho prost\u0159ed\u00ed. Nejl\u00e9pe se c\u00edt\u00edm tam, kde je pot\u0159eba propojit v\u00fdkon, lidskost a realitu b\u011b\u017en\u00e9ho provozu.<\/p>\n\n\n\n<p>M\u016fj styl je praktick\u00fd, energick\u00fd a srozumiteln\u00fd. Neu\u010d\u00edm teorii pro teorii. Ka\u017ed\u00e9 \u0161kolen\u00ed stav\u00edm tak, aby si \u00fa\u010dastn\u00edci odnesli konkr\u00e9tn\u00ed n\u00e1stroje a zm\u011bny pou\u017eiteln\u00e9 ihned v praxi.<\/p>\n\n\n\n<p>V\u011b\u0159\u00edm, \u017ee kvalitn\u00ed rozvoj lid\u00ed nem\u00e1 jen inspirovat. M\u00e1 pomoci lidem fungovat l\u00e9pe, spolupracovat chyt\u0159eji a dosahovat lep\u0161\u00edch v\u00fdsledk\u016f.<\/p>\n\n\n\n<p class=\"has-text-align-left\"><\/p>\n\n\n\n<h4 class=\"wp-block-heading\">Pro\u010d si firmy vyb\u00edraj\u00ed pr\u00e1v\u011b m\u011b<\/h4>\n\n\n\n<div class=\"wp-block-group\"><div class=\"wp-block-group__inner-container is-layout-constrained wp-block-group-is-layout-constrained\">\n<p class=\"has-medium-font-size\">Programy p\u0159ipraven\u00e9 na m\u00edru konkr\u00e9tn\u00ed firm\u011b a situaci&nbsp;<\/p>\n\n\n\n<p class=\"has-medium-font-size\">Praktick\u00fd p\u0159\u00edstup bez zbyte\u010dn\u00e9 teorie<\/p>\n\n\n\n<p class=\"has-medium-font-size\">Zku\u0161enost s re\u00e1ln\u00fdm prost\u0159ed\u00edm firem a ka\u017edodenn\u00edmi v\u00fdzvami<\/p>\n\n\n\n<p class=\"has-medium-font-size\">Schopnost pracovat s mana\u017eery, specialisty i n\u00e1ro\u010dn\u00fdmi skupinami<\/p>\n\n\n\n<p class=\"has-medium-font-size\">Siln\u00e9 zapojen\u00ed \u00fa\u010dastn\u00edk\u016f a interaktivn\u00ed forma \u0161kolen\u00ed<\/p>\n\n\n\n<p class=\"has-medium-font-size\">T\u00e9mata vyu\u017eiteln\u00e1 ihned po n\u00e1vratu do pr\u00e1ce<\/p>\n\n\n\n<p class=\"has-medium-font-size\">Lidsk\u00fd p\u0159\u00edstup, energie a vysok\u00e1 profesionalita<\/p>\n<\/div><\/div>\n\n\n\n<p><\/p>\n\n\n\n<p><strong>Bc. Milan Nerud<\/strong><\/p>\n\n\n\n<p><strong>TEL.:<\/strong> <strong>777 85 15 24<\/strong><\/p>\n\n\n\n<p><strong>E-mail:<\/strong> <a href=\"mailto:milan.nerud@gmail.com\">milan.nerud@gmail.com<\/a><\/p>\n\n\n\n<p>I\u010cO: 72502983, Brno L\u00ed\u0161e\u0148 <\/p>\n\n\n\n<div class=\"wp-block-buttons is-layout-flex wp-block-buttons-is-layout-flex\"><\/div>\n\n\n\n<figure class=\"wp-block-image\"><img loading=\"lazy\" decoding=\"async\" width=\"2560\" height=\"1440\" src=\"https:\/\/www.milannerud.cz\/wp-content\/uploads\/2026\/04\/IMG_2312-scaled.jpeg\" alt=\"\" class=\"wp-image-468\" srcset=\"https:\/\/www.milannerud.cz\/wp-content\/uploads\/2026\/04\/IMG_2312-scaled.jpeg 2560w, https:\/\/www.milannerud.cz\/wp-content\/uploads\/2026\/04\/IMG_2312-300x169.jpeg 300w, https:\/\/www.milannerud.cz\/wp-content\/uploads\/2026\/04\/IMG_2312-1024x576.jpeg 1024w, https:\/\/www.milannerud.cz\/wp-content\/uploads\/2026\/04\/IMG_2312-768x432.jpeg 768w, https:\/\/www.milannerud.cz\/wp-content\/uploads\/2026\/04\/IMG_2312-1536x864.jpeg 1536w, https:\/\/www.milannerud.cz\/wp-content\/uploads\/2026\/04\/IMG_2312-2048x1152.jpeg 2048w, https:\/\/www.milannerud.cz\/wp-content\/uploads\/2026\/04\/IMG_2312-107x60.jpeg 107w\" sizes=\"auto, (max-width: 2560px) 100vw, 2560px\" \/><\/figure>\n\n\n\n<p><\/p>\n","protected":false},"excerpt":{"rendered":"<p>Jsem firemn\u00ed tren\u00e9r a lektor zam\u011b\u0159en\u00fd na praktick\u00fd rozvoj lid\u00ed ve firm\u00e1ch. Pom\u00e1h\u00e1m mana\u017eer\u016fm, t\u00fdm\u016fm i specialist\u016fm zlep\u0161ovat komunikaci, leadership, vyjedn\u00e1v\u00e1n\u00ed, spolupr\u00e1ci a zvl\u00e1d\u00e1n\u00ed ka\u017edodenn\u00edho pracovn\u00edho tlaku. Dlouhodob\u011b spolupracuji s \u010desk\u00fdmi firmami z v\u00fdrobn\u00edho, technick\u00e9ho, &hellip; <\/p>\n","protected":false},"author":1,"featured_media":0,"parent":0,"menu_order":0,"comment_status":"closed","ping_status":"closed","template":"","meta":{"footnotes":""},"class_list":["post-73","page","type-page","status-publish","hentry"],"_links":{"self":[{"href":"https:\/\/www.milannerud.cz\/index.php?rest_route=\/wp\/v2\/pages\/73","targetHints":{"allow":["GET"]}}],"collection":[{"href":"https:\/\/www.milannerud.cz\/index.php?rest_route=\/wp\/v2\/pages"}],"about":[{"href":"https:\/\/www.milannerud.cz\/index.php?rest_route=\/wp\/v2\/types\/page"}],"author":[{"embeddable":true,"href":"https:\/\/www.milannerud.cz\/index.php?rest_route=\/wp\/v2\/users\/1"}],"replies":[{"embeddable":true,"href":"https:\/\/www.milannerud.cz\/index.php?rest_route=%2Fwp%2Fv2%2Fcomments&post=73"}],"version-history":[{"count":29,"href":"https:\/\/www.milannerud.cz\/index.php?rest_route=\/wp\/v2\/pages\/73\/revisions"}],"predecessor-version":[{"id":471,"href":"https:\/\/www.milannerud.cz\/index.php?rest_route=\/wp\/v2\/pages\/73\/revisions\/471"}],"wp:attachment":[{"href":"https:\/\/www.milannerud.cz\/index.php?rest_route=%2Fwp%2Fv2%2Fmedia&parent=73"}],"curies":[{"name":"wp","href":"https:\/\/api.w.org\/{rel}","templated":true}]}}