{"id":9,"date":"2022-02-16T09:59:11","date_gmt":"2022-02-16T09:59:11","guid":{"rendered":"https:\/\/www.milannerud.cz\/?page_id=9"},"modified":"2022-02-16T09:59:11","modified_gmt":"2022-02-16T09:59:11","slug":"domu","status":"publish","type":"page","link":"https:\/\/www.milannerud.cz\/","title":{"rendered":"Dom\u016f"},"content":{"rendered":"\n<p>V\u00edtejte na sv\u00e9m webu! Toto je va\u0161e domovsk\u00e1 str\u00e1nka, co\u017e je m\u00edsto, kter\u00e9 v\u011bt\u0161ina n\u00e1v\u0161t\u011bvn\u00edk\u016f uvid\u00ed, jakmile poprv\u00e9 p\u0159ijdou na v\u00e1\u0161 web.<\/p>\n","protected":false},"excerpt":{"rendered":"<p>V\u00edtejte na sv\u00e9m webu! Toto je va\u0161e domovsk\u00e1 str\u00e1nka, co\u017e je m\u00edsto, kter\u00e9 v\u011bt\u0161ina n\u00e1v\u0161t\u011bvn\u00edk\u016f uvid\u00ed, jakmile poprv\u00e9 p\u0159ijdou na v\u00e1\u0161 web.<\/p>\n","protected":false},"author":1,"featured_media":0,"parent":0,"menu_order":0,"comment_status":"closed","ping_status":"closed","template":"","meta":{"footnotes":""},"class_list":["post-9","page","type-page","status-publish","hentry"],"_links":{"self":[{"href":"https:\/\/www.milannerud.cz\/index.php?rest_route=\/wp\/v2\/pages\/9","targetHints":{"allow":["GET"]}}],"collection":[{"href":"https:\/\/www.milannerud.cz\/index.php?rest_route=\/wp\/v2\/pages"}],"about":[{"href":"https:\/\/www.milannerud.cz\/index.php?rest_route=\/wp\/v2\/types\/page"}],"author":[{"embeddable":true,"href":"https:\/\/www.milannerud.cz\/index.php?rest_route=\/wp\/v2\/users\/1"}],"replies":[{"embeddable":true,"href":"https:\/\/www.milannerud.cz\/index.php?rest_route=%2Fwp%2Fv2%2Fcomments&post=9"}],"version-history":[{"count":2,"href":"https:\/\/www.milannerud.cz\/index.php?rest_route=\/wp\/v2\/pages\/9\/revisions"}],"predecessor-version":[{"id":435,"href":"https:\/\/www.milannerud.cz\/index.php?rest_route=\/wp\/v2\/pages\/9\/revisions\/435"}],"wp:attachment":[{"href":"https:\/\/www.milannerud.cz\/index.php?rest_route=%2Fwp%2Fv2%2Fmedia&parent=9"}],"curies":[{"name":"wp","href":"https:\/\/api.w.org\/{rel}","templated":true}]}}